{"id":2,"date":"2017-02-27T12:32:19","date_gmt":"2017-02-27T15:32:19","guid":{"rendered":"http:\/\/jbcturismo.com.br\/?page_id=2"},"modified":"2023-10-24T16:05:04","modified_gmt":"2023-10-24T19:05:04","slug":"quem-somos","status":"publish","type":"page","link":"https:\/\/jbcturismo.com.br\/?page_id=2","title":{"rendered":"Quem Somos"},"content":{"rendered":"<p><img fetchpriority=\"high\" decoding=\"async\" class=\"alignright size-full wp-image-30\" src=\"http:\/\/jbcturismo.com.br\/wp-content\/uploads\/2017\/02\/onibus2.jpg\" alt=\"\" width=\"420\" height=\"227\" srcset=\"https:\/\/jbcturismo.com.br\/wp-content\/uploads\/2017\/02\/onibus2.jpg 420w, https:\/\/jbcturismo.com.br\/wp-content\/uploads\/2017\/02\/onibus2-300x162.jpg 300w\" sizes=\"(max-width: 420px) 100vw, 420px\" \/>A <strong>JBC Turismo<\/strong> est\u00e1 no mercado desde 2008 e tem como objetivo fornecer um excelente servi\u00e7o, com um atendimento de forma personalizada, buscando sempre o melhor para o nossos clientes.<\/p>\n<p>Deixamos \u00e0 sua disposi\u00e7\u00e3o uma equipe s\u00f3lida e altamente qualificada, que trabalham com uma frota moderna e que recebe todos os cuidados necess\u00e1rios em suas manuten\u00e7\u00f5es, garantindo total seguran\u00e7a em nossas viagens.<\/p>\n","protected":false},"excerpt":{"rendered":"<p>A JBC Turismo est\u00e1 no mercado desde 2008 e tem como objetivo fornecer um excelente servi\u00e7o, com um atendimento de forma personalizada, buscando sempre o melhor para o nossos clientes. Deixamos \u00e0 sua disposi\u00e7\u00e3o uma equipe s\u00f3lida e altamente qualificada, que trabalham com uma frota &hellip; <\/p>\n","protected":false},"author":1,"featured_media":0,"parent":0,"menu_order":0,"comment_status":"closed","ping_status":"open","template":"","meta":{"footnotes":""},"class_list":["post-2","page","type-page","status-publish","hentry"],"yoast_head":"<!-- This site is optimized with the Yoast SEO plugin v22.3 - https:\/\/yoast.com\/wordpress\/plugins\/seo\/ -->\n<title>Quem Somos - JBC Turismo<\/title>\n<meta name=\"robots\" content=\"index, follow, max-snippet:-1, max-image-preview:large, max-video-preview:-1\" \/>\n<link rel=\"canonical\" href=\"https:\/\/jbcturismo.com.br\/?page_id=2\" \/>\n<meta property=\"og:locale\" content=\"pt_BR\" \/>\n<meta property=\"og:type\" content=\"article\" \/>\n<meta property=\"og:title\" content=\"Quem Somos - JBC Turismo\" \/>\n<meta property=\"og:description\" content=\"A JBC Turismo est\u00e1 no mercado desde 2008 e tem como objetivo fornecer um excelente servi\u00e7o, com um atendimento de forma personalizada, buscando sempre o melhor para o nossos clientes. Deixamos \u00e0 sua disposi\u00e7\u00e3o uma equipe s\u00f3lida e altamente qualificada, que trabalham com uma frota &hellip;\" \/>\n<meta property=\"og:url\" content=\"https:\/\/jbcturismo.com.br\/?page_id=2\" \/>\n<meta property=\"og:site_name\" content=\"JBC Turismo\" \/>\n<meta property=\"article:modified_time\" content=\"2023-10-24T19:05:04+00:00\" \/>\n<meta property=\"og:image\" content=\"http:\/\/jbcturismo.com.br\/wp-content\/uploads\/2017\/02\/onibus2.jpg\" \/>\n<meta name=\"twitter:card\" content=\"summary_large_image\" \/>\n<script type=\"application\/ld+json\" class=\"yoast-schema-graph\">{\"@context\":\"https:\/\/schema.org\",\"@graph\":[{\"@type\":\"WebPage\",\"@id\":\"https:\/\/jbcturismo.com.br\/?page_id=2\",\"url\":\"https:\/\/jbcturismo.com.br\/?page_id=2\",\"name\":\"Quem Somos - JBC Turismo\",\"isPartOf\":{\"@id\":\"https:\/\/jbcturismo.com.br\/#website\"},\"primaryImageOfPage\":{\"@id\":\"https:\/\/jbcturismo.com.br\/?page_id=2#primaryimage\"},\"image\":{\"@id\":\"https:\/\/jbcturismo.com.br\/?page_id=2#primaryimage\"},\"thumbnailUrl\":\"http:\/\/jbcturismo.com.br\/wp-content\/uploads\/2017\/02\/onibus2.jpg\",\"datePublished\":\"2017-02-27T15:32:19+00:00\",\"dateModified\":\"2023-10-24T19:05:04+00:00\",\"breadcrumb\":{\"@id\":\"https:\/\/jbcturismo.com.br\/?page_id=2#breadcrumb\"},\"inLanguage\":\"pt-BR\",\"potentialAction\":[{\"@type\":\"ReadAction\",\"target\":[\"https:\/\/jbcturismo.com.br\/?page_id=2\"]}]},{\"@type\":\"ImageObject\",\"inLanguage\":\"pt-BR\",\"@id\":\"https:\/\/jbcturismo.com.br\/?page_id=2#primaryimage\",\"url\":\"http:\/\/jbcturismo.com.br\/wp-content\/uploads\/2017\/02\/onibus2.jpg\",\"contentUrl\":\"http:\/\/jbcturismo.com.br\/wp-content\/uploads\/2017\/02\/onibus2.jpg\"},{\"@type\":\"BreadcrumbList\",\"@id\":\"https:\/\/jbcturismo.com.br\/?page_id=2#breadcrumb\",\"itemListElement\":[{\"@type\":\"ListItem\",\"position\":1,\"name\":\"In\u00edcio\",\"item\":\"https:\/\/jbcturismo.com.br\/\"},{\"@type\":\"ListItem\",\"position\":2,\"name\":\"Quem Somos\"}]},{\"@type\":\"WebSite\",\"@id\":\"https:\/\/jbcturismo.com.br\/#website\",\"url\":\"https:\/\/jbcturismo.com.br\/\",\"name\":\"JBC Turismo\",\"description\":\"Pacotes Tur\u00edsticos e Aluguel de \u00d4nibus\",\"publisher\":{\"@id\":\"https:\/\/jbcturismo.com.br\/#organization\"},\"potentialAction\":[{\"@type\":\"SearchAction\",\"target\":{\"@type\":\"EntryPoint\",\"urlTemplate\":\"https:\/\/jbcturismo.com.br\/?s={search_term_string}\"},\"query-input\":\"required name=search_term_string\"}],\"inLanguage\":\"pt-BR\"},{\"@type\":\"Organization\",\"@id\":\"https:\/\/jbcturismo.com.br\/#organization\",\"name\":\"JBC Turismo\",\"url\":\"https:\/\/jbcturismo.com.br\/\",\"logo\":{\"@type\":\"ImageObject\",\"inLanguage\":\"pt-BR\",\"@id\":\"https:\/\/jbcturismo.com.br\/#\/schema\/logo\/image\/\",\"url\":\"https:\/\/jbcturismo.com.br\/wp-content\/uploads\/2024\/03\/cropped-logo.png\",\"contentUrl\":\"https:\/\/jbcturismo.com.br\/wp-content\/uploads\/2024\/03\/cropped-logo.png\",\"width\":243,\"height\":116,\"caption\":\"JBC Turismo\"},\"image\":{\"@id\":\"https:\/\/jbcturismo.com.br\/#\/schema\/logo\/image\/\"}}]}<\/script>\n<!-- \/ Yoast SEO plugin. -->","yoast_head_json":{"title":"Quem Somos - JBC Turismo","robots":{"index":"index","follow":"follow","max-snippet":"max-snippet:-1","max-image-preview":"max-image-preview:large","max-video-preview":"max-video-preview:-1"},"canonical":"https:\/\/jbcturismo.com.br\/?page_id=2","og_locale":"pt_BR","og_type":"article","og_title":"Quem Somos - JBC Turismo","og_description":"A JBC Turismo est\u00e1 no mercado desde 2008 e tem como objetivo fornecer um excelente servi\u00e7o, com um atendimento de forma personalizada, buscando sempre o melhor para o nossos clientes. Deixamos \u00e0 sua disposi\u00e7\u00e3o uma equipe s\u00f3lida e altamente qualificada, que trabalham com uma frota &hellip;","og_url":"https:\/\/jbcturismo.com.br\/?page_id=2","og_site_name":"JBC Turismo","article_modified_time":"2023-10-24T19:05:04+00:00","og_image":[{"url":"http:\/\/jbcturismo.com.br\/wp-content\/uploads\/2017\/02\/onibus2.jpg"}],"twitter_card":"summary_large_image","schema":{"@context":"https:\/\/schema.org","@graph":[{"@type":"WebPage","@id":"https:\/\/jbcturismo.com.br\/?page_id=2","url":"https:\/\/jbcturismo.com.br\/?page_id=2","name":"Quem Somos - JBC Turismo","isPartOf":{"@id":"https:\/\/jbcturismo.com.br\/#website"},"primaryImageOfPage":{"@id":"https:\/\/jbcturismo.com.br\/?page_id=2#primaryimage"},"image":{"@id":"https:\/\/jbcturismo.com.br\/?page_id=2#primaryimage"},"thumbnailUrl":"http:\/\/jbcturismo.com.br\/wp-content\/uploads\/2017\/02\/onibus2.jpg","datePublished":"2017-02-27T15:32:19+00:00","dateModified":"2023-10-24T19:05:04+00:00","breadcrumb":{"@id":"https:\/\/jbcturismo.com.br\/?page_id=2#breadcrumb"},"inLanguage":"pt-BR","potentialAction":[{"@type":"ReadAction","target":["https:\/\/jbcturismo.com.br\/?page_id=2"]}]},{"@type":"ImageObject","inLanguage":"pt-BR","@id":"https:\/\/jbcturismo.com.br\/?page_id=2#primaryimage","url":"http:\/\/jbcturismo.com.br\/wp-content\/uploads\/2017\/02\/onibus2.jpg","contentUrl":"http:\/\/jbcturismo.com.br\/wp-content\/uploads\/2017\/02\/onibus2.jpg"},{"@type":"BreadcrumbList","@id":"https:\/\/jbcturismo.com.br\/?page_id=2#breadcrumb","itemListElement":[{"@type":"ListItem","position":1,"name":"In\u00edcio","item":"https:\/\/jbcturismo.com.br\/"},{"@type":"ListItem","position":2,"name":"Quem Somos"}]},{"@type":"WebSite","@id":"https:\/\/jbcturismo.com.br\/#website","url":"https:\/\/jbcturismo.com.br\/","name":"JBC Turismo","description":"Pacotes Tur\u00edsticos e Aluguel de \u00d4nibus","publisher":{"@id":"https:\/\/jbcturismo.com.br\/#organization"},"potentialAction":[{"@type":"SearchAction","target":{"@type":"EntryPoint","urlTemplate":"https:\/\/jbcturismo.com.br\/?s={search_term_string}"},"query-input":"required name=search_term_string"}],"inLanguage":"pt-BR"},{"@type":"Organization","@id":"https:\/\/jbcturismo.com.br\/#organization","name":"JBC Turismo","url":"https:\/\/jbcturismo.com.br\/","logo":{"@type":"ImageObject","inLanguage":"pt-BR","@id":"https:\/\/jbcturismo.com.br\/#\/schema\/logo\/image\/","url":"https:\/\/jbcturismo.com.br\/wp-content\/uploads\/2024\/03\/cropped-logo.png","contentUrl":"https:\/\/jbcturismo.com.br\/wp-content\/uploads\/2024\/03\/cropped-logo.png","width":243,"height":116,"caption":"JBC Turismo"},"image":{"@id":"https:\/\/jbcturismo.com.br\/#\/schema\/logo\/image\/"}}]}},"_links":{"self":[{"href":"https:\/\/jbcturismo.com.br\/index.php?rest_route=\/wp\/v2\/pages\/2","targetHints":{"allow":["GET"]}}],"collection":[{"href":"https:\/\/jbcturismo.com.br\/index.php?rest_route=\/wp\/v2\/pages"}],"about":[{"href":"https:\/\/jbcturismo.com.br\/index.php?rest_route=\/wp\/v2\/types\/page"}],"author":[{"embeddable":true,"href":"https:\/\/jbcturismo.com.br\/index.php?rest_route=\/wp\/v2\/users\/1"}],"replies":[{"embeddable":true,"href":"https:\/\/jbcturismo.com.br\/index.php?rest_route=%2Fwp%2Fv2%2Fcomments&post=2"}],"version-history":[{"count":5,"href":"https:\/\/jbcturismo.com.br\/index.php?rest_route=\/wp\/v2\/pages\/2\/revisions"}],"predecessor-version":[{"id":1124,"href":"https:\/\/jbcturismo.com.br\/index.php?rest_route=\/wp\/v2\/pages\/2\/revisions\/1124"}],"wp:attachment":[{"href":"https:\/\/jbcturismo.com.br\/index.php?rest_route=%2Fwp%2Fv2%2Fmedia&parent=2"}],"curies":[{"name":"wp","href":"https:\/\/api.w.org\/{rel}","templated":true}]}}